{"id":110,"date":"2015-10-21T08:55:29","date_gmt":"2015-10-21T08:55:29","guid":{"rendered":"http:\/\/demo.themeton.com\/nrgbusiness\/?page_id=4"},"modified":"2025-09-11T01:46:41","modified_gmt":"2025-09-11T01:46:41","slug":"home-page","status":"publish","type":"page","link":"https:\/\/brandtravel.com.tr\/w\/","title":{"rendered":"BRAND TRAVEL"},"content":{"rendered":"<p>[vc_row one_page_section=&#8221;yes&#8221; one_page_label=&#8221;ANASAYFA&#8221; one_page_slug=&#8221;home&#8221; css=&#8221;.vc_custom_1693859578285{margin-bottom: 0px !important;background-position: center !important;background-repeat: no-repeat !important;background-size: cover !important;}&#8221;][vc_column][rev_slider_vc alias=&#8221;business&#8221; el_class=&#8221;no-margin-bottom&#8221;][slider_navigation style=&#8221;transparent&#8221;][slider_navigation_el icon_type=&#8221;icon_image&#8221; image=&#8221;7&#8243; title=&#8221;Incentive &amp; Congress&#8221; description=&#8221;Yurti\u00e7i &amp; Yurtd\u0131\u015f\u0131 Toplant\u0131 ve Kongre Organizasyonlar\u0131&#8221; imagesize=&#8221;80&#215;80&#8243;][slider_navigation_el icon_type=&#8221;icon_image&#8221; image=&#8221;8&#8243; title=&#8221;\u00d6zel Organizasyonlar&#8221; imagesize=&#8221;80&#215;80&#8243;][slider_navigation_el icon_type=&#8221;icon_image&#8221; image=&#8221;9&#8243; title=&#8221;Bireysel&amp;Grup Rezervasyonlar\u0131&#8221; imagesize=&#8221;80&#215;80&#8243;][slider_navigation_el icon_type=&#8221;icon_image&#8221; image=&#8221;10&#8243; title=&#8221;U\u00e7u\u015f &amp; Transfer&#8221; imagesize=&#8221;80&#215;80&#8243;][\/slider_navigation][slider_navigation style=&#8221;transparent&#8221;][slider_navigation_el icon_type=&#8221;icon_image&#8221; image=&#8221;7&#8243; title=&#8221;Incentive &amp; Congress&#8221; imagesize=&#8221;80&#215;80&#8243;][slider_navigation_el icon_type=&#8221;icon_image&#8221; image=&#8221;8&#8243; title=&#8221;\u00d6zel Organizasyonlar&#8221; imagesize=&#8221;80&#215;80&#8243;][slider_navigation_el icon_type=&#8221;icon_image&#8221; image=&#8221;9&#8243; title=&#8221;Principles&#8221; imagesize=&#8221;80&#215;80&#8243;][slider_navigation_el icon_type=&#8221;icon_image&#8221; image=&#8221;10&#8243; title=&#8221;Experience&#8221; imagesize=&#8221;80&#215;80&#8243;][\/slider_navigation][\/vc_column][\/vc_row][vc_row full_width=&#8221;stretch_row_content_no_spaces&#8221; one_page_section=&#8221;yes&#8221; one_page_label=&#8221;Hakk\u0131m\u0131zda&#8221; one_page_slug=&#8221;about&#8221; css=&#8221;.vc_custom_1693862702952{margin-top: 0px !important;margin-bottom: 0px !important;padding-top: 20px !important;padding-bottom: 0px !important;}&#8221;][vc_column][vc_column_text css=&#8221;.vc_custom_1693862755665{margin-bottom: 0px !important;}&#8221;]<\/p>\n<h2 style=\"color: #333333; margin-bottom: 23px; text-align: center;\">BRAND TRAVEL<\/h2>\n<p style=\"font-weight: 400; text-align: center;\">Brand Travel Incentive &amp; Congress, Eyl\u00fcl 2008 kurulu\u015f tarihli, Turizm Bakanl\u0131\u011f\u0131 seyahat acentas\u0131 i\u015fletme belgeli T\u00dcRSAB (T\u00fcrkiye Seyahat Acentalar\u0131 Birli\u011fi) \u00fcyesi gen\u00e7 bir acentad\u0131r.<\/p>\n<p style=\"font-weight: 400; text-align: center;\">Brand Travel\u2019\u0131n kurucusu turizmin farkl\u0131 kollar\u0131nda 20 y\u0131l\u0131 a\u015fk\u0131n deneyim ve birikimlerinden \u201cBrand\u201d Markas\u0131n\u0131 hayata ge\u00e7irmi\u015ftir. Kazan\u0131mlar\u0131n do\u011fru ve etkin \u015fekilde kullan\u0131lmas\u0131n\u0131n yan\u0131 s\u0131ra yeni olman\u0131n ve gen\u00e7li\u011fin verdi\u011fi heyecan, Brand Travel\u2019\u0131 di\u011ferlerinden farkl\u0131 k\u0131lm\u0131\u015ft\u0131r.<\/p>\n<p style=\"font-weight: 400; text-align: center;\">Bizler Brand Travel ismini se\u00e7tik \u00e7\u00fcnk\u00fc \u201cMarka\u201dya olan g\u00fcvenilirli\u011finin \u00f6nemli oldu\u011funun bilincindeyiz. Ger\u00e7ekle\u015ftirdi\u011fimiz t\u00fcm organizasyonlarda ana hedefimiz; kendi markam\u0131z\u0131 oldu\u011fu kadar \u00e7al\u0131\u015ft\u0131\u011f\u0131m\u0131z firmalar\u0131n markalar\u0131n\u0131 da korumak ve \u00f6n plana \u00e7\u0131karmak olmu\u015ftur. Organizasyonlar \u00f6ncesinde amac\u0131 ger\u00e7ekle\u015ftirmek, planlanan hedefe ula\u015fmak ve imaj\u0131m\u0131z\u0131n s\u00fcreklili\u011fini sa\u011flamak ad\u0131na ekip ruhu ile titizlikle \u00e7al\u0131\u015f\u0131yor, ayr\u0131nt\u0131ya \u00f6nem veriyoruz. Fark yaratan hizmetler sunmaktan ve sizlerle payla\u015fmak bizlere heyecan veriyor.<\/p>\n<p>[\/vc_column_text][\/vc_column][\/vc_row][vc_row full_width=&#8221;stretch_row_content_no_spaces&#8221; one_page_section=&#8221;yes&#8221; one_page_label=&#8221;Hizmetlerimiz&#8221; one_page_slug=&#8221;services&#8221; css=&#8221;.vc_custom_1693859522814{margin-top: 0px !important;margin-bottom: 0px !important;padding-top: 20px !important;padding-bottom: 0px !important;}&#8221;][vc_column][vc_column_text css=&#8221;.vc_custom_1692791516031{margin-bottom: 0px !important;}&#8221;]<\/p>\n<h2 style=\"color: #333333; margin-bottom: 23px; text-align: center;\">H\u0130ZMETLER\u0130M\u0130Z<\/h2>\n<p style=\"font-weight: 400; text-align: center;\">Fark yaratan hizmetler sunmaktan ve sizlerle payla\u015fmak bizlere heyecan veriyor<\/p>\n<p>[\/vc_column_text][vc_tta_tabs active_section=&#8221;1&#8243; tab_style=&#8221;process&#8221; number=&#8221;no&#8221;][vc_tta_section icon_type=&#8221;icon_image&#8221; image=&#8221;61&#8243; title=&#8221;Toplant\u0131 ve Kongre Organizasyonlar\u0131&#8221; tab_id=&#8221;1693862627735-84274d8a-61a2&#8243;][vc_row_inner equal_height=&#8221;yes&#8221; css=&#8221;.vc_custom_1454042327851{background-color: #e66a55 !important;}&#8221; el_class=&#8221;text-light&#8221;][vc_column_inner width=&#8221;1\/2&#8243; vertical_align=&#8221;middle&#8221;][vc_column_text el_class=&#8221;text-light margin5x&#8221; css=&#8221;.vc_custom_1693858650495{margin-bottom: 100px !important;}&#8221;]<\/p>\n<h4 style=\"text-align: center; font-size: 30px; margin-bottom: 45px;\">Toplant\u0131 ve Kongre Organizasyonlar\u0131<\/h4>\n<p style=\"text-align: center; margin-bottom: 50px; font-size: 16px; color: #ffd7d0; line-height: 28px;\">Yurti\u00e7i &amp; Yurtd\u0131\u015f\u0131 Toplant\u0131 ve Kongre Organizasyonlar\u0131<br \/>\nYurti\u00e7i veya yurtd\u0131\u015f\u0131 toplant\u0131 ve kongre organizasyonlar\u0131n\u0131zla ilgili etkinli\u011fin planlanma a\u015famas\u0131ndan ba\u015flayarak uygulama ve denetleme gibi t\u00fcm s\u00fcre\u00e7lerin profesyonelce y\u00fcr\u00fct\u00fclmesinde size yard\u0131mc\u0131 oluyoruz.<\/p>\n<p>[\/vc_column_text][\/vc_column_inner][vc_column_inner el_class=&#8221;img-center-top&#8221; width=&#8221;1\/2&#8243; css=&#8221;.vc_custom_1693859060107{background-image: url(https:\/\/brandtravel.com.tr\/w\/wp-content\/uploads\/2015\/10\/logo_hover.jpg?id=50) !important;background-position: center !important;background-repeat: no-repeat !important;background-size: cover !important;}&#8221;][\/vc_column_inner][\/vc_row_inner][\/vc_tta_section][vc_tta_section icon_type=&#8221;icon_image&#8221; image=&#8221;20&#8243; title=&#8221;\u00d6zel Organizasyonlar&#8221; tab_id=&#8221;1693862627849-fc27e00e-94fb&#8221;][vc_row_inner equal_height=&#8221;yes&#8221; css=&#8221;.vc_custom_1454042526009{background-color: #e66a55 !important;}&#8221;][vc_column_inner width=&#8221;1\/2&#8243; vertical_align=&#8221;middle&#8221;][vc_column_text el_class=&#8221;text-light margin5x&#8221; css=&#8221;.vc_custom_1693858677862{margin-bottom: 100px !important;}&#8221;]<\/p>\n<h4 style=\"text-align: center; font-size: 30px; margin-bottom: 45px;\">\u00d6zel Organizasyonlar<\/h4>\n<p style=\"text-align: center; margin-bottom: 50px; font-size: 16px; color: #ffd7d0; line-height: 28px;\">D\u00fc\u011f\u00fcn, Davet ve \u00d6zel Organizasyonlar<br \/>\nD\u00fc\u011f\u00fcn, davet, catering ve defile organizasyonlar\u0131n\u0131z i\u00e7in farkl\u0131 mekan ve konsept alternatifleriyle hizmetinizdeyiz.<\/p>\n<p>[\/vc_column_text][\/vc_column_inner][vc_column_inner el_class=&#8221;img-center-top&#8221; width=&#8221;1\/2&#8243; css=&#8221;.vc_custom_1693859100421{background-image: url(https:\/\/brandtravel.com.tr\/w\/wp-content\/uploads\/2015\/10\/history_3-400&#215;393-1.jpg?id=41) !important;background-position: center !important;background-repeat: no-repeat !important;background-size: cover !important;}&#8221;][\/vc_column_inner][\/vc_row_inner][\/vc_tta_section][vc_tta_section icon_type=&#8221;icon_image&#8221; image=&#8221;60&#8243; title=&#8221;Bireysel ve Grup Otel Rezervasyonlar\u0131&#8221; tab_id=&#8221;1693862627966-4abf502c-bd20&#8243;][vc_row_inner equal_height=&#8221;yes&#8221; css=&#8221;.vc_custom_1454042540948{background-color: #e66a55 !important;}&#8221;][vc_column_inner width=&#8221;1\/2&#8243; vertical_align=&#8221;middle&#8221;][vc_column_text el_class=&#8221;text-light margin5x&#8221; css=&#8221;.vc_custom_1693858719111{margin-bottom: 100px !important;}&#8221;]<\/p>\n<h4 style=\"text-align: center; font-size: 30px; margin-bottom: 45px;\">Bireysel ve Grup Otel Rezervasyonlar\u0131<\/h4>\n<p style=\"text-align: center; margin-bottom: 50px; font-size: 16px; color: #ffd7d0; line-height: 28px;\">Yurti\u00e7i &amp; Yurtd\u0131\u015f\u0131 Bireysel ve Grup Otel Rezervasyonlar\u0131<br \/>\nTalebiniz do\u011frultusunda d\u00fcnyan\u0131n her yerinde arad\u0131\u011f\u0131n\u0131z konforu sizin i\u00e7in buluyoruz.<br \/>\nAlternatiflere ula\u015fmak i\u00e7in bize taleplerinizi mail ile bildirmeniz ya da telefonla ula\u015fman\u0131z yeterli.<\/p>\n<p>[\/vc_column_text][\/vc_column_inner][vc_column_inner el_class=&#8221;img-center-top&#8221; width=&#8221;1\/2&#8243; css=&#8221;.vc_custom_1693859125207{background-image: url(https:\/\/brandtravel.com.tr\/w\/wp-content\/uploads\/2015\/10\/history_2-400&#215;368-1.jpg?id=42) !important;background-position: center !important;background-repeat: no-repeat !important;background-size: cover !important;}&#8221;][\/vc_column_inner][\/vc_row_inner][\/vc_tta_section][vc_tta_section icon_type=&#8221;icon_image&#8221; image=&#8221;62&#8243; title=&#8221;U\u00e7u\u015f Hizmetleri&#8221; tab_id=&#8221;1693862628087-a8b02a55-a081&#8243;][vc_row_inner equal_height=&#8221;yes&#8221; css=&#8221;.vc_custom_1454042548732{background-color: #e66a55 !important;}&#8221;][vc_column_inner width=&#8221;1\/2&#8243; vertical_align=&#8221;middle&#8221;][vc_column_text el_class=&#8221;text-light margin5x&#8221; css=&#8221;.vc_custom_1693858747544{margin-bottom: 100px !important;}&#8221;]<\/p>\n<h4 style=\"text-align: center; font-size: 30px; margin-bottom: 45px;\">U\u00e7ak Bileti ve U\u00e7ak Kiralama Hizmetleri<\/h4>\n<p style=\"text-align: center; margin-bottom: 50px; font-size: 16px; color: #ffd7d0; line-height: 28px;\">\u0130\u00e7 ve d\u0131\u015f hatlarda ger\u00e7ekle\u015ftirece\u011finiz u\u00e7u\u015flar\u0131n\u0131za acentam\u0131z sizin i\u00e7in t\u00fcm havayolu \u015firket se\u00e7eneklerine ula\u015farak temin eder. Gitmek istedi\u011finiz yer ve tarihi bize bildirmeniz yeterlidir.<br \/>\nVIP hava ula\u015f\u0131m\u0131 i\u00e7in u\u00e7ak ve helikopter kiralama se\u00e7eneklerimiz VIP hava ula\u015f\u0131m\u0131 kapsam\u0131nda hizmetinize sunulmu\u015ftur.<\/p>\n<p>[\/vc_column_text][\/vc_column_inner][vc_column_inner el_class=&#8221;img-center-top&#8221; width=&#8221;1\/2&#8243; css=&#8221;.vc_custom_1693859142698{background-image: url(https:\/\/brandtravel.com.tr\/w\/wp-content\/uploads\/2015\/10\/12781867155_7bc570a346_k.jpg?id=76) !important;background-position: center !important;background-repeat: no-repeat !important;background-size: cover !important;}&#8221;][\/vc_column_inner][\/vc_row_inner][\/vc_tta_section][vc_tta_section icon_type=&#8221;icon_image&#8221; image=&#8221;28&#8243; title=&#8221;Transfer Hizmetleri&#8221; tab_id=&#8221;1693862628219-4d2b71d8-7b12&#8243;][vc_row_inner equal_height=&#8221;yes&#8221; css=&#8221;.vc_custom_1454042558539{background-color: #e66a55 !important;}&#8221;][vc_column_inner width=&#8221;1\/2&#8243; vertical_align=&#8221;middle&#8221;][vc_column_text el_class=&#8221;text-light margin5x&#8221; css=&#8221;.vc_custom_1693858784935{margin-bottom: 100px !important;}&#8221;]<\/p>\n<h4 style=\"text-align: center; font-size: 30px; margin-bottom: 45px;\">Yurti\u00e7i &amp; Yurtd\u0131\u015f\u0131 Transfer Hizmetleri<\/h4>\n<p style=\"text-align: center; margin-bottom: 50px; font-size: 16px; color: #ffd7d0; line-height: 28px;\">Yurti\u00e7i ve yurtd\u0131\u015f\u0131 transferlerinizde g\u00fcler y\u00fczl\u00fc ekibimiz ile hizmetinizdeyiz. Binek ara\u00e7, Minivan, Minib\u00fcs, Midib\u00fcs veya Otob\u00fcs hizmeti ihtiya\u00e7lar\u0131n\u0131zda g\u00fcvenli ve konforlu transferler ger\u00e7ekle\u015ftirmekteyiz. Talepleriniz do\u011frultusunda transferman ve asistanl\u0131k hizmetlerimiz ayr\u0131ca bulunmaktad\u0131r. T\u00fcm transferlerimiz deneyimli s\u00fcr\u00fcc\u00fcler taraf\u0131ndan kullan\u0131lan ara\u00e7lar ile ger\u00e7ekle\u015fmektedir.<br \/>\nHer t\u00fcrl\u00fc deniz yolu ile ula\u015f\u0131m hizmetimiz de bulunmaktad\u0131r.<\/p>\n<p>[\/vc_column_text][\/vc_column_inner][vc_column_inner el_class=&#8221;img-center-top&#8221; width=&#8221;1\/2&#8243; css=&#8221;.vc_custom_1693859171228{background-image: url(https:\/\/brandtravel.com.tr\/w\/wp-content\/uploads\/2015\/10\/blogging-336376_1280.jpg?id=70) !important;background-position: center !important;background-repeat: no-repeat !important;background-size: cover !important;}&#8221;][\/vc_column_inner][\/vc_row_inner][\/vc_tta_section][vc_tta_section icon_type=&#8221;icon_image&#8221; image=&#8221;18&#8243; title=&#8221;Host &amp; Hostes Hizmetleri&#8221; tab_id=&#8221;1693862628335-309caa85-b2b7&#8243;][vc_row_inner equal_height=&#8221;yes&#8221; css=&#8221;.vc_custom_1454042566767{background-color: #e66a55 !important;}&#8221;][vc_column_inner width=&#8221;1\/2&#8243; vertical_align=&#8221;middle&#8221;][vc_column_text el_class=&#8221;text-light margin5x&#8221; css=&#8221;.vc_custom_1693858815159{margin-bottom: 100px !important;}&#8221;]<\/p>\n<h4 style=\"text-align: center; font-size: 30px; margin-bottom: 45px;\">Deneyimli, g\u00fclery\u00fczl\u00fc ve dinamik personel<\/h4>\n<p style=\"text-align: center; margin-bottom: 50px; font-size: 16px; color: #ffd7d0; line-height: 28px;\">Davet, d\u00fc\u011f\u00fcn, fuar, \u00fcr\u00fcn lansman\u0131, toplant\u0131 ve defile organizasyolar\u0131n\u0131zda deneyimli, g\u00fclery\u00fczl\u00fc ve dinamik personelimiz hizmetinizdedir. Ayr\u0131ca talebiniz do\u011frultusunda catering, barmen, garson temin edilmektedir.<\/p>\n<p>[\/vc_column_text][\/vc_column_inner][vc_column_inner el_class=&#8221;img-center-top&#8221; width=&#8221;1\/2&#8243; css=&#8221;.vc_custom_1445421375677{background-image: url(http:\/\/demo.themeton.com\/nrgbusiness\/wp-content\/uploads\/sites\/51\/2015\/10\/serv_2bg.jpg?id=46) !important;background-position: center !important;background-repeat: no-repeat !important;background-size: cover !important;}&#8221;][\/vc_column_inner][\/vc_row_inner][\/vc_tta_section][\/vc_tta_tabs][\/vc_column][\/vc_row][vc_row full_width=&#8221;stretch_row_content_no_spaces&#8221; one_page_section=&#8221;yes&#8221; one_page_label=&#8221;Bize Ula\u015f\u0131n&#8221; one_page_slug=&#8221;contact&#8221; css=&#8221;.vc_custom_1693859543497{padding-top: 70px !important;padding-bottom: 70px !important;}&#8221;][vc_column][vc_column_text]<\/p>\n<h2 class=\"block-title a-block-title\" style=\"text-align: center;\">B\u0130ZE ULA\u015eIN<\/h2>\n<div style=\"text-align: center;\"><span lang=\"TR\">Turizmin farkl\u0131 kollar\u0131nda 20 y\u0131l\u0131 a\u015fk\u0131n deneyim ve birikimimizden faydalanmak i\u00e7in hemen bize ula\u015f\u0131n.<\/span><\/div>\n<p>[\/vc_column_text][vc_column_text]<\/p>\n<h5 style=\"font-size: 13px; margin-bottom: 25px; color: #333333; text-align: center;\">ADRES :<\/h5>\n<p style=\"color: #acafba; line-height: 24px; margin-top: 0px; margin-bottom: 0px; text-align: center;\">Fulya Mah. Sak\u0131z A\u011fac\u0131 Sk. Suda Apt. No:16\/1 D:1<br \/>\nMecidiyek\u00f6y &#8211; \u0130stanbul \/ T\u00fcrkiye<\/p>\n<p style=\"font-weight: 400; text-align: center;\"><strong>TEL :<br \/>\n<\/strong>+90 212 219 66 33<\/p>\n<p style=\"font-weight: 400; text-align: center;\"><strong>FAX:<br \/>\n<\/strong>+90 212 219 70 40<\/p>\n<p style=\"font-size: 13px; margin-bottom: 25px; margin-top: 50px; color: #333333; text-align: center;\"><strong>EMAIL :\u00a0<\/strong><\/p>\n<p style=\"text-align: center;\"><a class=\"mail-us\" href=\"mailto:info@brandtravel.com.tr\">info@brandtravel.com.tr<\/a><\/p>\n<p>[\/vc_column_text][vc_column_text]<\/p>\n<p style=\"text-align: center;\"><iframe loading=\"lazy\" style=\"border: 0;\" src=\"https:\/\/www.google.com\/maps\/embed?pb=!1m18!1m12!1m3!1d3008.4211298770992!2d28.996082075977352!3d41.05978641625179!2m3!1f0!2f0!3f0!3m2!1i1024!2i768!4f13.1!3m3!1m2!1s0x14cab70855555555%3A0xf3e13d270f16cf9f!2sBrand%20Travel!5e0!3m2!1sen!2sat!4v1693860194710!5m2!1sen!2sat\" width=\"600\" height=\"450\" allowfullscreen=\"allowfullscreen\"><\/iframe><\/p>\n<p>[\/vc_column_text][\/vc_column][\/vc_row]<\/p>\n","protected":false},"excerpt":{"rendered":"<p>[vc_row one_page_section=&#8221;yes&#8221; one_page_label=&#8221;ANASAYFA&#8221; one_page_slug=&#8221;home&#8221; css=&#8221;.vc_custom_1693859578285{margin-bottom: 0px !important;background-position: center !important;background-repeat: no-repeat !important;background-size: cover !important;}&#8221;][vc_column][rev_slider_vc alias=&#8221;business&#8221; el_class=&#8221;no-margin-bottom&#8221;][slider_navigation style=&#8221;transparent&#8221;][slider_navigation_el icon_type=&#8221;icon_image&#8221; image=&#8221;7&#8243; title=&#8221;Incentive &amp; Congress&#8221; description=&#8221;Yurti\u00e7i &amp; Yurtd\u0131\u015f\u0131 Toplant\u0131 ve Kongre Organizasyonlar\u0131&#8221; imagesize=&#8221;80&#215;80&#8243;][slider_navigation_el icon_type=&#8221;icon_image&#8221; image=&#8221;8&#8243; title=&#8221;\u00d6zel Organizasyonlar&#8221; imagesize=&#8221;80&#215;80&#8243;][slider_navigation_el icon_type=&#8221;icon_image&#8221; image=&#8221;9&#8243; title=&#8221;Bireysel&amp;Grup Rezervasyonlar\u0131&#8221; imagesize=&#8221;80&#215;80&#8243;][slider_navigation_el icon_type=&#8221;icon_image&#8221; image=&#8221;10&#8243; title=&#8221;U\u00e7u\u015f &amp; Transfer&#8221; imagesize=&#8221;80&#215;80&#8243;][\/slider_navigation][slider_navigation style=&#8221;transparent&#8221;][slider_navigation_el icon_type=&#8221;icon_image&#8221; image=&#8221;7&#8243; title=&#8221;Incentive &amp; Congress&#8221; imagesize=&#8221;80&#215;80&#8243;][slider_navigation_el icon_type=&#8221;icon_image&#8221; image=&#8221;8&#8243; title=&#8221;\u00d6zel Organizasyonlar&#8221; imagesize=&#8221;80&#215;80&#8243;][slider_navigation_el icon_type=&#8221;icon_image&#8221; image=&#8221;9&#8243; title=&#8221;Principles&#8221; imagesize=&#8221;80&#215;80&#8243;][slider_navigation_el icon_type=&#8221;icon_image&#8221; image=&#8221;10&#8243; title=&#8221;Experience&#8221; imagesize=&#8221;80&#215;80&#8243;][\/slider_navigation][\/vc_column][\/vc_row][vc_row full_width=&#8221;stretch_row_content_no_spaces&#8221; one_page_section=&#8221;yes&#8221; one_page_label=&#8221;Hakk\u0131m\u0131zda&#8221; one_page_slug=&#8221;about&#8221; css=&#8221;.vc_custom_1693862702952{margin-top: 0px !important;margin-bottom: 0px !important;padding-top: 20px !important;padding-bottom: 0px !important;}&#8221;][vc_column][vc_column_text css=&#8221;.vc_custom_1693862755665{margin-bottom: 0px [&#8230;]<\/p>\n","protected":false},"author":1,"featured_media":0,"parent":0,"menu_order":0,"comment_status":"closed","ping_status":"closed","template":"","meta":{"footnotes":""},"class_list":["post-110","page","type-page","status-publish","hentry"],"_links":{"self":[{"href":"https:\/\/brandtravel.com.tr\/w\/wp-json\/wp\/v2\/pages\/110","targetHints":{"allow":["GET"]}}],"collection":[{"href":"https:\/\/brandtravel.com.tr\/w\/wp-json\/wp\/v2\/pages"}],"about":[{"href":"https:\/\/brandtravel.com.tr\/w\/wp-json\/wp\/v2\/types\/page"}],"author":[{"embeddable":true,"href":"https:\/\/brandtravel.com.tr\/w\/wp-json\/wp\/v2\/users\/1"}],"replies":[{"embeddable":true,"href":"https:\/\/brandtravel.com.tr\/w\/wp-json\/wp\/v2\/comments?post=110"}],"version-history":[{"count":21,"href":"https:\/\/brandtravel.com.tr\/w\/wp-json\/wp\/v2\/pages\/110\/revisions"}],"predecessor-version":[{"id":229,"href":"https:\/\/brandtravel.com.tr\/w\/wp-json\/wp\/v2\/pages\/110\/revisions\/229"}],"wp:attachment":[{"href":"https:\/\/brandtravel.com.tr\/w\/wp-json\/wp\/v2\/media?parent=110"}],"curies":[{"name":"wp","href":"https:\/\/api.w.org\/{rel}","templated":true}]}}